{"id":496,"date":"2025-12-09T20:46:41","date_gmt":"2025-12-09T20:46:41","guid":{"rendered":"https:\/\/saffluidos.com.mx\/wordpress\/?page_id=496"},"modified":"2025-12-15T16:22:00","modified_gmt":"2025-12-15T16:22:00","slug":"contacto","status":"publish","type":"page","link":"https:\/\/saffluidos.com.mx\/wordpress\/contacto","title":{"rendered":"CONTACTO"},"content":{"rendered":"<!--themify_builder_content-->\n<div id=\"themify_builder_content-496\" data-postid=\"496\" class=\"themify_builder_content themify_builder_content-496 themify_builder tf_clear\">\n                    <div  data-lazy=\"1\" class=\"module_row themify_builder_row tb_amj585 tb_first tf_w\">\n                        <div class=\"row_inner col_align_top tb_col_count_2 tf_box tf_rel\">\n                        <div  data-lazy=\"1\" class=\"module_column tb-column col4-2 tb_6qzx85 first\">\n                    <!-- module image -->\n<div  class=\"module module-image tb_nr0v883 image-top   tf_mw\" data-lazy=\"1\">\n        <div class=\"image-wrap tf_rel tf_mw\">\n            <img loading=\"lazy\" decoding=\"async\" src=\"https:\/\/saffluidos.com.mx\/wordpress\/wp-content\/uploads\/2025\/12\/SAF-logo_foto_1000px-240x83.png\" width=\"240\" height=\"83\" class=\"wp-post-image wp-image-630\" title=\"SAF logo_foto_1000px\" alt=\"SAF logo_foto_1000px\" srcset=\"https:\/\/saffluidos.com.mx\/wordpress\/wp-content\/uploads\/2025\/12\/SAF-logo_foto_1000px-240x83.png 240w, https:\/\/saffluidos.com.mx\/wordpress\/wp-content\/uploads\/2025\/12\/SAF-logo_foto_1000px-300x104.png 300w, https:\/\/saffluidos.com.mx\/wordpress\/wp-content\/uploads\/2025\/12\/SAF-logo_foto_1000px-768x267.png 768w, https:\/\/saffluidos.com.mx\/wordpress\/wp-content\/uploads\/2025\/12\/SAF-logo_foto_1000px-320x111.png 320w, https:\/\/saffluidos.com.mx\/wordpress\/wp-content\/uploads\/2025\/12\/SAF-logo_foto_1000px.png 1000w\" sizes=\"auto, (max-width: 240px) 100vw, 240px\" \/>    \n        <\/div>\n    <!-- \/image-wrap -->\n    \n        <\/div>\n<!-- \/module image --><!-- module text -->\n<div  class=\"module module-text tb_hj0a865   \" data-lazy=\"1\">\n        <div  class=\"tb_text_wrap\">\n        <h5><strong>\u00a1Bienvenido a nuestra p\u00e1gina de CONTACTO<\/strong><\/h5>\n<p>Nuestro equipo de profesionales experimentados est\u00e1 aqu\u00ed para ayudarlo a encontrar las mejores soluciones para sus necesidades espec\u00edficas. Ya sea que est\u00e9 buscando asistencia con el dise\u00f1o, la instalaci\u00f3n, el mantenimiento o la reparaci\u00f3n, tenemos la experiencia y los recursos para hacer bien el trabajo. No dude en contactarnos con cualquier pregunta o para solicitar una consulta.<\/p>\n<p><strong>\u00a1Esperamos con inter\u00e9s trabajar con usted!<\/strong><\/p>    <\/div>\n<\/div>\n<!-- \/module text -->        <\/div>\n                    <div  data-lazy=\"1\" class=\"module_column tb-column col4-2 tb_c0br85 last\">\n                    <!-- module image -->\n<div  class=\"module module-image tb_ws1q383 image-center   tf_mw\" data-lazy=\"1\">\n        <div class=\"image-wrap tf_rel tf_mw\">\n            <img loading=\"lazy\" decoding=\"async\" width=\"900\" height=\"761\" src=\"https:\/\/saffluidos.com.mx\/wordpress\/wp-content\/uploads\/2025\/12\/laptop-contacto.jpg\" class=\"wp-post-image wp-image-751\" title=\"Modern Laptop computer with blank screen isolated on white background.\" alt=\"Modern Laptop computer with blank screen isolated on white background.\" srcset=\"https:\/\/saffluidos.com.mx\/wordpress\/wp-content\/uploads\/2025\/12\/laptop-contacto.jpg 900w, https:\/\/saffluidos.com.mx\/wordpress\/wp-content\/uploads\/2025\/12\/laptop-contacto-300x254.jpg 300w, https:\/\/saffluidos.com.mx\/wordpress\/wp-content\/uploads\/2025\/12\/laptop-contacto-768x649.jpg 768w\" sizes=\"auto, (max-width: 900px) 100vw, 900px\" \/>    \n        <\/div>\n    <!-- \/image-wrap -->\n    \n        <\/div>\n<!-- \/module image -->        <\/div>\n                        <\/div>\n        <\/div>\n                        <div  data-parallax-bg=\"desktop\" data-css_id=\"dske314\" data-lazy=\"1\" class=\"module_row themify_builder_row fullwidth tb_dske314 tf_w\">\n            <span  class=\"builder_row_cover tf_abs\" data-lazy=\"1\"><\/span>            <div class=\"row_inner col_align_middle tb_col_count_2 tf_box tf_rel\">\n                        <div  data-lazy=\"1\" class=\"module_column tb-column col4-2 tb_9ak2314 first\">\n                    <!-- module text -->\n<div  class=\"module module-text tb_5i5h314   \" data-lazy=\"1\">\n        <div  class=\"tb_text_wrap\">\n        <h2><span style=\"color: #000000;\">ContactO<\/span><\/h2>    <\/div>\n<\/div>\n<!-- \/module text --><!-- module text -->\n<div  class=\"module module-text tb_qzwy314   \" data-lazy=\"1\">\n        <div  class=\"tb_text_wrap\">\n        <p><span style=\"color: #000000;\">Su opini\u00f3n es importante para nosotros. Ya sea una pregunta simple o una sugerencia valiosa, estamos aqu\u00ed las 24 horas del d\u00eda, los 7 d\u00edasnde la semana. Puede llamarnos por tel\u00e9fono o enviarnos un correo electr\u00f3nico directamente.<\/span><\/p>    <\/div>\n<\/div>\n<!-- \/module text -->        <div  data-lazy=\"1\" class=\"module_subrow themify_builder_sub_row tf_w col_align_top gutter-none tb_col_count_2 tb_xkym314\">\n                <div  data-lazy=\"1\" class=\"module_column sub_column tb_dsm0314 first\">\n                    <!-- module text -->\n<div  class=\"module module-text tb_akk0314   \" data-lazy=\"1\">\n        <div  class=\"tb_text_wrap\">\n        <h4><span style=\"color: #000000;\">Info CONTACTO<\/span><\/h4>    <\/div>\n<\/div>\n<!-- \/module text --><!-- module divider -->\n<div  class=\"module tf_mw module-divider tb_7xp7314 solid  divider-custom divider-left\" style=\"border-width: 1px;border-color: rgba(255,255,255, 0.50);margin-top: 5px;margin-bottom: 13px;max-width: 50px;\" data-lazy=\"1\">\n    <\/div>\n<!-- \/module divider -->\n<!-- module icon -->\n<div  class=\"module module-icon tb_s4rz314    icon_vertical \" data-lazy=\"1\">\n\t\t\t<div class=\"module-icon-item\">\n\t\t\t\t\t\t\t\t\t\t\t\t\t\t\t\t<em class=\"tf_box\"\n\t\t\t\t\t\t\t\t\t\t\t\t style=\"color:#000000\"\t\t\t\t\t><svg  class=\"tf_fa tf-fas-phone\" aria-hidden=\"true\"><use href=\"#tf-fas-phone\"><\/use><\/svg><\/em>\n\t\t\t\t\t\t\t\t\t\t\t\t\t\t\t\t\t\t\t<span>+52 (81) 8259 6467<\/span>\n\t\t\t\t\t\t\t\t\t\t\t\t\t\t\t<\/div>\n\t\t\t<div class=\"module-icon-item\">\n\t\t\t\t\t\t\t<a href=\"mailto:%20contacto@saffluidos.com\">\n\t\t\t\t\t\t\t\t\t\t\t\t\t\t\t\t\t<em class=\"tf_box\"\n\t\t\t\t\t\t\t\t\t\t\t\t style=\"color:#000000\"\t\t\t\t\t><svg  class=\"tf_fa tf-far-envelope\" aria-hidden=\"true\"><use href=\"#tf-far-envelope\"><\/use><\/svg><\/em>\n\t\t\t\t\t\t\t\t\t\t\t\t\t\t\t\t\t\t\t<span>contacto@saffluidos.com<\/span>\n\t\t\t\t\t\t\t\t\t\t\t\t\t\t\t\t\t<\/a>\n\t\t\t\t\t<\/div>\n\t<\/div>\n<!-- \/module icon -->\n        <\/div>\n                    <div  data-lazy=\"1\" class=\"module_column sub_column tb_0m8a314 last\">\n                    <!-- module text -->\n<div  class=\"module module-text tb_v02g314   \" data-lazy=\"1\">\n        <div  class=\"tb_text_wrap\">\n        <h4><span style=\"color: #000000;\">Direcci\u00f3n<\/span><\/h4>    <\/div>\n<\/div>\n<!-- \/module text --><!-- module divider -->\n<div  class=\"module tf_mw module-divider tb_m43m314 solid  divider-custom divider-left\" style=\"border-width: 1px;border-color: rgba(255,255,255, 0.50);margin-top: 5px;margin-bottom: 13px;max-width: 50px;\" data-lazy=\"1\">\n    <\/div>\n<!-- \/module divider -->\n<!-- module text -->\n<div  class=\"module module-text tb_rybs314   \" data-lazy=\"1\">\n        <div  class=\"tb_text_wrap\">\n        <p>Canada 141, Fraccionamiento<br>Industrial Unidad Nacional II,<br>Santa Catarina, N.L. CP 66367<\/p>    <\/div>\n<\/div>\n<!-- \/module text -->        <\/div>\n                    <\/div>\n        <!-- module text -->\n<div  class=\"module module-text tb_ta61314   \" data-lazy=\"1\">\n        <div  class=\"tb_text_wrap\">\n        <p style=\"text-align: left;\"><span style=\"color: #000000;\">Atenci\u00f3n en SLP, Zona Centro y Baj\u00edo:<\/span><\/p>    <\/div>\n<\/div>\n<!-- \/module text --><!-- module icon -->\n<div  class=\"module module-icon tb_0n37314    icon_vertical \" data-lazy=\"1\">\n\t\t\t<div class=\"module-icon-item\">\n\t\t\t\t\t\t\t\t\t\t\t\t\t\t\t\t<em class=\"tf_box\"\n\t\t\t\t\t\t\t\t\t\t\t\t style=\"color:#000000\"\t\t\t\t\t><svg  class=\"tf_fa tf-fas-phone\" aria-hidden=\"true\"><use href=\"#tf-fas-phone\"><\/use><\/svg><\/em>\n\t\t\t\t\t\t\t\t\t\t\t\t\t\t\t\t\t\t\t<span>+52 (81) 8309 5281<\/span>\n\t\t\t\t\t\t\t\t\t\t\t\t\t\t\t<\/div>\n\t<\/div>\n<!-- \/module icon -->\n<!-- module text -->\n<div  class=\"module module-text tb_hi55548   \" data-lazy=\"1\">\n        <div  class=\"tb_text_wrap\">\n        <h5 style=\"text-align: center;\"><a href=\"https:\/\/saffluidos.com.mx\/wordpress\/aviso-de-provacidad\"><span style=\"color: #0033ff;\">AVISO DE PRIVACIDAD<\/span><\/a><\/h5>    <\/div>\n<\/div>\n<!-- \/module text -->        <\/div>\n                    <div  data-lazy=\"1\" class=\"module_column tb-column col4-2 tb_mzjf314 last\">\n                    <!-- module contact -->\n<div  id=\"tb_06tv314\" class=\"module module-contact tb_06tv314 contact-style2 \" data-lazy=\"1\">\n    \n\t<form class=\"builder-contact\"\n\t\tid=\"tb_06tv314-form\"\n\t\tmethod=\"post\"\n\t\tdata-post-id=\"496\"\n\t\tdata-element-id=\"06tv314\"\n\t\tdata-orig-id=\"496\"\n\t>\n    <div class=\"contact-message\"><\/div>\n\t<div class=\"builder-contact-fields tf_rel\">\n\t\t    \t\t    <div class=\"builder-contact-field builder-contact-field-name builder-contact-text-field\">\n\t\t\t    <label class=\"control-label\" for=\"tb_06tv314-contact-name\">\n\t\t\t\t\t\t\t\t\t\t<span class=\"tb-label-span\">Nombre <\/span><span class=\"required\">*<\/span>\t\t\t\t<\/label>\n\t\t\t    <div class=\"control-input tf_rel\">\n\t\t\t\t    \t\t\t\t\t    <input type=\"text\" name=\"contact-name\" placeholder=\"\" id=\"tb_06tv314-contact-name\" value=\"\" class=\"form-control\" required>\n\t\t\t\t    \t\t\t\t    \t\t\t    <\/div>\n\t\t<\/div>\n\t    \n\t\t    \t\t    <div class=\"builder-contact-field builder-contact-field-email builder-contact-text-field\">\n\t\t\t    <label class=\"control-label\" for=\"tb_06tv314-contact-email\">\n\t\t\t\t\t\t\t\t\t\t<span class=\"tb-label-span\">Apellidos <\/span><span class=\"required\">*<\/span>\t\t\t\t<\/label>\n\t\t\t    <div class=\"control-input tf_rel\">\n\t\t\t\t    \t\t\t\t\t    <input type=\"email\" name=\"contact-email\" placeholder=\"\" id=\"tb_06tv314-contact-email\" value=\"\" class=\"form-control\" required>\n\t\t\t\t    \t\t\t\t    \t\t\t    <\/div>\n\t\t<\/div>\n\t    \n\t\t    \t\t    <div class=\"builder-contact-field builder-contact-field-subject builder-contact-text-field\">\n\t\t\t    <label class=\"control-label\" for=\"tb_06tv314-contact-subject\">\n\t\t\t\t\t\t\t\t\t\t<span class=\"tb-label-span\">Email <\/span><span class=\"required\">*<\/span>\t\t\t\t<\/label>\n\t\t\t    <div class=\"control-input tf_rel\">\n\t\t\t\t    \t\t\t\t\t    <input type=\"text\" name=\"contact-subject\" placeholder=\"\" id=\"tb_06tv314-contact-subject\" value=\"\" class=\"form-control\" required>\n\t\t\t\t    \t\t\t\t    \t\t\t    <\/div>\n\t\t<\/div>\n\t    \n\t\t    \t\t    \t\t    <div class=\"builder-contact-field builder-contact-field-extra builder-contact-text-field builder-contact-tel-field\">\n\t\t\t\t\n\t\t\t\t<label class=\"control-label\" for=\"field_extra_tb_06tv314_0\">\n\t\t\t\t\t\n\t\t\t\t\tTel\u00e9fono\t\t\t\t\t\t\t\t\t\t\t<input type=\"hidden\" name=\"field_extra_name_0\" value=\"Tel\u00e9fono\">\n\t\t\t\t\t\t\t\t\t\t\t<span class=\"required\">*<\/span>\n\t\t\t\t\t\t\t\t\t<\/label>\n\t\t\t\t<div class=\"control-input tf_rel\">\n\t\t\t\t\t\t\t\t\t\t\t<input type=\"tel\" name=\"field_extra_0\" id=\"field_extra_tb_06tv314_0\" placeholder=\"\" class=\"form-control\" required>\n\t\t\t\t\t\n\t\t\t\t\t\t\t\t\t<\/div>\n\t\t    <\/div>\n\t    \n\t\t    \t\t    \t\t    <div class=\"builder-contact-field builder-contact-field-extra builder-contact-text-field\">\n\t\t\t\t\n\t\t\t\t<label class=\"control-label\" for=\"field_extra_tb_06tv314_1\">\n\t\t\t\t\t\n\t\t\t\t\tAsunto\t\t\t\t\t\t\t\t\t\t\t<input type=\"hidden\" name=\"field_extra_name_1\" value=\"Asunto\">\n\t\t\t\t\t\t\t\t\t<\/label>\n\t\t\t\t<div class=\"control-input tf_rel\">\n\t\t\t\t\t\t\t\t\t\t\t<input type=\"text\" name=\"field_extra_1\" id=\"field_extra_tb_06tv314_1\" placeholder=\"\" class=\"form-control\">\n\t\t\t\t\t\n\t\t\t\t\t\t\t\t\t<\/div>\n\t\t    <\/div>\n\t    \n\t\t    \t\t    <div class=\"builder-contact-field builder-contact-field-message builder-contact-textarea-field\">\n\t\t\t    <label class=\"control-label\" for=\"tb_06tv314-contact-message\">\n\t\t\t\t\t\t\t\t\t\t<span class=\"tb-label-span\">Mensaje <\/span>\t\t\t\t<\/label>\n\t\t\t    <div class=\"control-input tf_rel\">\n\t\t\t\t    \t\t\t\t\t    <textarea name=\"contact-message\" placeholder=\"\" id=\"tb_06tv314-contact-message\" class=\"form-control\"><\/textarea>\n\t\t\t\t    \t\t\t\t    \t\t\t    <\/div>\n\t\t<\/div>\n\t    \n\t\t    \t\t\n\t\t\n\t    \n\t    <div class=\"builder-contact-field builder-contact-field-send control-input tf_textl tf_clear tf_rel\">\n\t\t\t<button type=\"submit\" class=\"btn btn-primary\">\n\t\t\t\t<span class=\"tf_loader\"><\/span>\t\t\t\t<span class=\"tf_submit_icon\"><\/span> \n\t\t\t\tSend\t\t\t<\/button>\n\t    <\/div>\n\t<\/div>\n    <\/form>\n    <\/div>\n<!-- \/module contact -->\n        <\/div>\n                        <\/div>\n        <\/div>\n        <\/div>\n<!--\/themify_builder_content-->","protected":false},"excerpt":{"rendered":"<p>\u00a1Bienvenido a nuestra p\u00e1gina de CONTACTO Nuestro equipo de profesionales experimentados est\u00e1 aqu\u00ed para ayudarlo a encontrar las mejores soluciones para sus necesidades espec\u00edficas. Ya sea que est\u00e9 buscando asistencia con el dise\u00f1o, la instalaci\u00f3n, el mantenimiento o la reparaci\u00f3n, tenemos la experiencia y los recursos para hacer bien el trabajo. No dude en contactarnos [&hellip;]<\/p>\n","protected":false},"author":2,"featured_media":0,"parent":0,"menu_order":0,"comment_status":"closed","ping_status":"closed","template":"","meta":{"footnotes":""},"class_list":["post-496","page","type-page","status-publish","hentry","has-post-title","has-post-date","has-post-category","has-post-tag","has-post-comment","has-post-author",""],"builder_content":"<img src=\"https:\/\/saffluidos.com.mx\/wordpress\/wp-content\/uploads\/2025\/12\/SAF-logo_foto_1000px-240x83.png\" width=\"240\" height=\"83\" title=\"SAF logo_foto_1000px\" alt=\"SAF logo_foto_1000px\" srcset=\"https:\/\/saffluidos.com.mx\/wordpress\/wp-content\/uploads\/2025\/12\/SAF-logo_foto_1000px-240x83.png 240w, https:\/\/saffluidos.com.mx\/wordpress\/wp-content\/uploads\/2025\/12\/SAF-logo_foto_1000px-300x104.png 300w, https:\/\/saffluidos.com.mx\/wordpress\/wp-content\/uploads\/2025\/12\/SAF-logo_foto_1000px-768x267.png 768w, https:\/\/saffluidos.com.mx\/wordpress\/wp-content\/uploads\/2025\/12\/SAF-logo_foto_1000px-320x111.png 320w, https:\/\/saffluidos.com.mx\/wordpress\/wp-content\/uploads\/2025\/12\/SAF-logo_foto_1000px.png 1000w\" sizes=\"(max-width: 240px) 100vw, 240px\" \/>\n<h5><strong>\u00a1Bienvenido a nuestra p\u00e1gina de CONTACTO<\/strong><\/h5> <p>Nuestro equipo de profesionales experimentados est\u00e1 aqu\u00ed para ayudarlo a encontrar las mejores soluciones para sus necesidades espec\u00edficas. Ya sea que est\u00e9 buscando asistencia con el dise\u00f1o, la instalaci\u00f3n, el mantenimiento o la reparaci\u00f3n, tenemos la experiencia y los recursos para hacer bien el trabajo. No dude en contactarnos con cualquier pregunta o para solicitar una consulta.<\/p> <p><strong>\u00a1Esperamos con inter\u00e9s trabajar con usted!<\/strong><\/p>\n<img src=\"https:\/\/saffluidos.com.mx\/wordpress\/wp-content\/uploads\/2025\/12\/laptop-contacto.jpg\" title=\"Modern Laptop computer with blank screen isolated on white background.\" alt=\"Modern Laptop computer with blank screen isolated on white background.\" srcset=\"https:\/\/saffluidos.com.mx\/wordpress\/wp-content\/uploads\/2025\/12\/laptop-contacto.jpg 900w, https:\/\/saffluidos.com.mx\/wordpress\/wp-content\/uploads\/2025\/12\/laptop-contacto-300x254.jpg 300w, https:\/\/saffluidos.com.mx\/wordpress\/wp-content\/uploads\/2025\/12\/laptop-contacto-768x649.jpg 768w\" sizes=\"(max-width: 900px) 100vw, 900px\" \/>\n<h2>ContactO<\/h2>\n<p>Su opini\u00f3n es importante para nosotros. Ya sea una pregunta simple o una sugerencia valiosa, estamos aqu\u00ed las 24 horas del d\u00eda, los 7 d\u00edasnde la semana. Puede llamarnos por tel\u00e9fono o enviarnos un correo electr\u00f3nico directamente.<\/p>\n<h4>Info CONTACTO<\/h4>\n\n<em style=\"color:#000000\" ><svg aria-hidden=\"true\"><use href=\"#tf-fas-phone\"><\/use><\/svg><\/em> +52 (81) 8259 6467 <a href=\"mailto:%20contacto@saffluidos.com\"> <em style=\"color:#000000\" ><svg aria-hidden=\"true\"><use href=\"#tf-far-envelope\"><\/use><\/svg><\/em> contacto@saffluidos.com <\/a>\n<h4>Direcci\u00f3n<\/h4>\n\n<p>Canada 141, Fraccionamiento<br>Industrial Unidad Nacional II,<br>Santa Catarina, N.L. CP 66367<\/p>\n<p style=\"text-align: left;\">Atenci\u00f3n en SLP, Zona Centro y Baj\u00edo:<\/p>\n<em style=\"color:#000000\" ><svg aria-hidden=\"true\"><use href=\"#tf-fas-phone\"><\/use><\/svg><\/em> +52 (81) 8309 5281\n<h5 style=\"text-align: center;\"><a href=\"https:\/\/saffluidos.com.mx\/wordpress\/aviso-de-provacidad\">AVISO DE PRIVACIDAD<\/a><\/h5>\n<form id=\"tb_06tv314-form\" method=\"post\" data-post-id=\"0\" data-element-id=\"06tv314\" data-orig-id=\"496\" > <label for=\"tb_06tv314-contact-name\"> Nombre * <\/label> <input type=\"text\" name=\"contact-name\" placeholder=\"\" id=\"tb_06tv314-contact-name\" value=\"\" required> <label for=\"tb_06tv314-contact-email\"> Apellidos * <\/label> <input type=\"email\" name=\"contact-email\" placeholder=\"\" id=\"tb_06tv314-contact-email\" value=\"\" required> <label for=\"tb_06tv314-contact-subject\"> Email * <\/label> <input type=\"text\" name=\"contact-subject\" placeholder=\"\" id=\"tb_06tv314-contact-subject\" value=\"\" required> <label for=\"field_extra_tb_06tv314_0\"> Tel\u00e9fono <input type=\"hidden\" name=\"field_extra_name_0\" value=\"Tel\u00e9fono\"> * <\/label> <input type=\"tel\" name=\"field_extra_0\" id=\"field_extra_tb_06tv314_0\" placeholder=\"\" required> <label for=\"field_extra_tb_06tv314_1\"> Asunto <input type=\"hidden\" name=\"field_extra_name_1\" value=\"Asunto\"> <\/label> <input type=\"text\" name=\"field_extra_1\" id=\"field_extra_tb_06tv314_1\" placeholder=\"\"> <label for=\"tb_06tv314-contact-message\"> Mensaje <\/label> <textarea name=\"contact-message\" placeholder=\"\" id=\"tb_06tv314-contact-message\"><\/textarea> <button type=\"submit\"> Send <\/button> <\/form>","_links":{"self":[{"href":"https:\/\/saffluidos.com.mx\/wordpress\/wp-json\/wp\/v2\/pages\/496","targetHints":{"allow":["GET"]}}],"collection":[{"href":"https:\/\/saffluidos.com.mx\/wordpress\/wp-json\/wp\/v2\/pages"}],"about":[{"href":"https:\/\/saffluidos.com.mx\/wordpress\/wp-json\/wp\/v2\/types\/page"}],"author":[{"embeddable":true,"href":"https:\/\/saffluidos.com.mx\/wordpress\/wp-json\/wp\/v2\/users\/2"}],"replies":[{"embeddable":true,"href":"https:\/\/saffluidos.com.mx\/wordpress\/wp-json\/wp\/v2\/comments?post=496"}],"version-history":[{"count":20,"href":"https:\/\/saffluidos.com.mx\/wordpress\/wp-json\/wp\/v2\/pages\/496\/revisions"}],"predecessor-version":[{"id":1135,"href":"https:\/\/saffluidos.com.mx\/wordpress\/wp-json\/wp\/v2\/pages\/496\/revisions\/1135"}],"wp:attachment":[{"href":"https:\/\/saffluidos.com.mx\/wordpress\/wp-json\/wp\/v2\/media?parent=496"}],"curies":[{"name":"wp","href":"https:\/\/api.w.org\/{rel}","templated":true}]}}